{"id":110,"date":"2019-05-15T12:31:00","date_gmt":"2019-05-15T10:31:00","guid":{"rendered":"https:\/\/kreativ.mindach.net\/?page_id=110"},"modified":"2019-07-29T21:41:36","modified_gmt":"2019-07-29T19:41:36","slug":"ueber-mich","status":"publish","type":"page","link":"https:\/\/kreativ.mindach.net\/index.php\/ueber-mich\/","title":{"rendered":"\u00dcber mich"},"content":{"rendered":"\n<p>Guten Tag, ich freue mich, dass Du mich gefunden hast. <\/p>\n\n\n\n<p>Ich hei\u00dfe Heike, bin Baujahr 1962 und lebe in Berlin.<\/p>\n\n\n\n<p>Gebastelt und gewerkelt habe ich eigentlich schon immer. Fr\u00fcher habe ich mich in Seidenmalerei, Tiffany-Glastechik, Serviettentechnik und, und, und&#8230; ausgelebt.<\/p>\n\n\n\n<p>Vor ca. 10 Jahren habe ich meine Liebe zum Gestalten mit Papier entdeckt. 2017 lernte ich \u00fcber eine Freundin die Produkte von Stampin&#8216; Up! kennen. Seitdem bin ich, man k\u00f6nnte sagen, infiziert. Ich bin begeistert von den vielen tollen Produkten, die alle aufeinander abgestimmt sind. Noch im  gleichen Jahr wurde ich Demonstratorin f\u00fcr Stampin&#8216; Up! Produkte, d.h. ihr k\u00f6nnt alle Produkte bei mir bestellen.<\/p>\n\n\n\n<p>Auch war ich \u00fcberrascht, wie viel Inspiration ich zu den Produkten im Netz bekommen habe und  m\u00f6chte Euch auch ab und an an meinen Ideen teilhaben lassen.<\/p>\n","protected":false},"excerpt":{"rendered":"<p>Guten Tag, ich freue mich, dass Du mich gefunden hast. Ich hei\u00dfe Heike, bin Baujahr 1962 und lebe in Berlin. Gebastelt und gewerkelt habe ich eigentlich schon immer. Fr\u00fcher habe ich mich in Seidenmalerei, Tiffany-Glastechik, Serviettentechnik und, und, und&#8230; ausgelebt. Vor ca. 10 Jahren habe ich meine Liebe zum Gestalten mit Papier entdeckt. 2017 lernte [&hellip;]<\/p>\n","protected":false},"author":1,"featured_media":0,"parent":0,"menu_order":0,"comment_status":"closed","ping_status":"closed","template":"","meta":{"footnotes":""},"class_list":["post-110","page","type-page","status-publish","hentry"],"yoast_head":"<!-- This site is optimized with the Yoast SEO plugin v26.7 - https:\/\/yoast.com\/wordpress\/plugins\/seo\/ -->\n<title>\u00dcber mich - Heikes kreative Welt<\/title>\n<meta name=\"robots\" content=\"index, follow, max-snippet:-1, max-image-preview:large, max-video-preview:-1\" \/>\n<link rel=\"canonical\" href=\"https:\/\/kreativ.mindach.net\/index.php\/ueber-mich\/\" \/>\n<meta property=\"og:locale\" content=\"de_DE\" \/>\n<meta property=\"og:type\" content=\"article\" \/>\n<meta property=\"og:title\" content=\"\u00dcber mich - Heikes kreative Welt\" \/>\n<meta property=\"og:description\" content=\"Guten Tag, ich freue mich, dass Du mich gefunden hast. Ich hei\u00dfe Heike, bin Baujahr 1962 und lebe in Berlin. Gebastelt und gewerkelt habe ich eigentlich schon immer. Fr\u00fcher habe ich mich in Seidenmalerei, Tiffany-Glastechik, Serviettentechnik und, und, und&#8230; ausgelebt. Vor ca. 10 Jahren habe ich meine Liebe zum Gestalten mit Papier entdeckt. 2017 lernte [&hellip;]\" \/>\n<meta property=\"og:url\" content=\"https:\/\/kreativ.mindach.net\/index.php\/ueber-mich\/\" \/>\n<meta property=\"og:site_name\" content=\"Heikes kreative Welt\" \/>\n<meta property=\"article:modified_time\" content=\"2019-07-29T19:41:36+00:00\" \/>\n<meta name=\"twitter:card\" content=\"summary_large_image\" \/>\n<meta name=\"twitter:label1\" content=\"Gesch\u00e4tzte Lesezeit\" \/>\n\t<meta name=\"twitter:data1\" content=\"1\u00a0Minute\" \/>\n<script type=\"application\/ld+json\" class=\"yoast-schema-graph\">{\"@context\":\"https:\/\/schema.org\",\"@graph\":[{\"@type\":\"WebPage\",\"@id\":\"https:\/\/kreativ.mindach.net\/index.php\/ueber-mich\/\",\"url\":\"https:\/\/kreativ.mindach.net\/index.php\/ueber-mich\/\",\"name\":\"\u00dcber mich - Heikes kreative Welt\",\"isPartOf\":{\"@id\":\"https:\/\/kreativ.mindach.net\/#website\"},\"datePublished\":\"2019-05-15T10:31:00+00:00\",\"dateModified\":\"2019-07-29T19:41:36+00:00\",\"breadcrumb\":{\"@id\":\"https:\/\/kreativ.mindach.net\/index.php\/ueber-mich\/#breadcrumb\"},\"inLanguage\":\"de\",\"potentialAction\":[{\"@type\":\"ReadAction\",\"target\":[\"https:\/\/kreativ.mindach.net\/index.php\/ueber-mich\/\"]}]},{\"@type\":\"BreadcrumbList\",\"@id\":\"https:\/\/kreativ.mindach.net\/index.php\/ueber-mich\/#breadcrumb\",\"itemListElement\":[{\"@type\":\"ListItem\",\"position\":1,\"name\":\"Startseite\",\"item\":\"https:\/\/kreativ.mindach.net\/\"},{\"@type\":\"ListItem\",\"position\":2,\"name\":\"\u00dcber mich\"}]},{\"@type\":\"WebSite\",\"@id\":\"https:\/\/kreativ.mindach.net\/#website\",\"url\":\"https:\/\/kreativ.mindach.net\/\",\"name\":\"Heikes kreative Welt\",\"description\":\"\",\"potentialAction\":[{\"@type\":\"SearchAction\",\"target\":{\"@type\":\"EntryPoint\",\"urlTemplate\":\"https:\/\/kreativ.mindach.net\/?s={search_term_string}\"},\"query-input\":{\"@type\":\"PropertyValueSpecification\",\"valueRequired\":true,\"valueName\":\"search_term_string\"}}],\"inLanguage\":\"de\"}]}<\/script>\n<!-- \/ Yoast SEO plugin. -->","yoast_head_json":{"title":"\u00dcber mich - Heikes kreative Welt","robots":{"index":"index","follow":"follow","max-snippet":"max-snippet:-1","max-image-preview":"max-image-preview:large","max-video-preview":"max-video-preview:-1"},"canonical":"https:\/\/kreativ.mindach.net\/index.php\/ueber-mich\/","og_locale":"de_DE","og_type":"article","og_title":"\u00dcber mich - Heikes kreative Welt","og_description":"Guten Tag, ich freue mich, dass Du mich gefunden hast. Ich hei\u00dfe Heike, bin Baujahr 1962 und lebe in Berlin. Gebastelt und gewerkelt habe ich eigentlich schon immer. Fr\u00fcher habe ich mich in Seidenmalerei, Tiffany-Glastechik, Serviettentechnik und, und, und&#8230; ausgelebt. Vor ca. 10 Jahren habe ich meine Liebe zum Gestalten mit Papier entdeckt. 2017 lernte [&hellip;]","og_url":"https:\/\/kreativ.mindach.net\/index.php\/ueber-mich\/","og_site_name":"Heikes kreative Welt","article_modified_time":"2019-07-29T19:41:36+00:00","twitter_card":"summary_large_image","twitter_misc":{"Gesch\u00e4tzte Lesezeit":"1\u00a0Minute"},"schema":{"@context":"https:\/\/schema.org","@graph":[{"@type":"WebPage","@id":"https:\/\/kreativ.mindach.net\/index.php\/ueber-mich\/","url":"https:\/\/kreativ.mindach.net\/index.php\/ueber-mich\/","name":"\u00dcber mich - Heikes kreative Welt","isPartOf":{"@id":"https:\/\/kreativ.mindach.net\/#website"},"datePublished":"2019-05-15T10:31:00+00:00","dateModified":"2019-07-29T19:41:36+00:00","breadcrumb":{"@id":"https:\/\/kreativ.mindach.net\/index.php\/ueber-mich\/#breadcrumb"},"inLanguage":"de","potentialAction":[{"@type":"ReadAction","target":["https:\/\/kreativ.mindach.net\/index.php\/ueber-mich\/"]}]},{"@type":"BreadcrumbList","@id":"https:\/\/kreativ.mindach.net\/index.php\/ueber-mich\/#breadcrumb","itemListElement":[{"@type":"ListItem","position":1,"name":"Startseite","item":"https:\/\/kreativ.mindach.net\/"},{"@type":"ListItem","position":2,"name":"\u00dcber mich"}]},{"@type":"WebSite","@id":"https:\/\/kreativ.mindach.net\/#website","url":"https:\/\/kreativ.mindach.net\/","name":"Heikes kreative Welt","description":"","potentialAction":[{"@type":"SearchAction","target":{"@type":"EntryPoint","urlTemplate":"https:\/\/kreativ.mindach.net\/?s={search_term_string}"},"query-input":{"@type":"PropertyValueSpecification","valueRequired":true,"valueName":"search_term_string"}}],"inLanguage":"de"}]}},"jetpack_sharing_enabled":true,"_links":{"self":[{"href":"https:\/\/kreativ.mindach.net\/index.php\/wp-json\/wp\/v2\/pages\/110","targetHints":{"allow":["GET"]}}],"collection":[{"href":"https:\/\/kreativ.mindach.net\/index.php\/wp-json\/wp\/v2\/pages"}],"about":[{"href":"https:\/\/kreativ.mindach.net\/index.php\/wp-json\/wp\/v2\/types\/page"}],"author":[{"embeddable":true,"href":"https:\/\/kreativ.mindach.net\/index.php\/wp-json\/wp\/v2\/users\/1"}],"replies":[{"embeddable":true,"href":"https:\/\/kreativ.mindach.net\/index.php\/wp-json\/wp\/v2\/comments?post=110"}],"version-history":[{"count":3,"href":"https:\/\/kreativ.mindach.net\/index.php\/wp-json\/wp\/v2\/pages\/110\/revisions"}],"predecessor-version":[{"id":196,"href":"https:\/\/kreativ.mindach.net\/index.php\/wp-json\/wp\/v2\/pages\/110\/revisions\/196"}],"wp:attachment":[{"href":"https:\/\/kreativ.mindach.net\/index.php\/wp-json\/wp\/v2\/media?parent=110"}],"curies":[{"name":"wp","href":"https:\/\/api.w.org\/{rel}","templated":true}]}}