{"id":522,"date":"2020-08-04T18:45:41","date_gmt":"2020-08-04T16:45:41","guid":{"rendered":"https:\/\/kreativ.mindach.net\/?page_id=522"},"modified":"2021-03-13T10:17:46","modified_gmt":"2021-03-13T09:17:46","slug":"flohmarkt","status":"publish","type":"page","link":"https:\/\/kreativ.mindach.net\/index.php\/flohmarkt\/","title":{"rendered":"Flohmarkt"},"content":{"rendered":"\n<p>Hallo, Ihr Lieben, ich brauche Platz f\u00fcr Neues und biete Euch deshalb einige meiner Stempelsets und Stanzformen von Stampin Up! an.                                              Alle Preise verstehen sich zuz\u00fcglich Versandkosten ( 2,50 \u20ac )                         Bei Interesse schreibt mir bitte \u00fcber das unten stehende Formular.                                                                                                                                                                                                                    Dies ist ein Privatverkauf, daher keine Gew\u00e4hr, keine Garantie und keine R\u00fccknahme.                  <\/p>\n\n\n\n<div class=\"wp-block-media-text alignwide is-stacked-on-mobile\"><figure class=\"wp-block-media-text__media\"><img loading=\"lazy\" decoding=\"async\" width=\"776\" height=\"1024\" src=\"https:\/\/kreativ.mindach.net\/wp-content\/uploads\/2020\/08\/198AF4AB-F2B2-4199-9A51-BCA4965CD2D9-776x1024.jpeg\" alt=\"\" class=\"wp-image-556 size-full\" srcset=\"https:\/\/kreativ.mindach.net\/wp-content\/uploads\/2020\/08\/198AF4AB-F2B2-4199-9A51-BCA4965CD2D9-776x1024.jpeg 776w, https:\/\/kreativ.mindach.net\/wp-content\/uploads\/2020\/08\/198AF4AB-F2B2-4199-9A51-BCA4965CD2D9-227x300.jpeg 227w, https:\/\/kreativ.mindach.net\/wp-content\/uploads\/2020\/08\/198AF4AB-F2B2-4199-9A51-BCA4965CD2D9-768x1014.jpeg 768w, https:\/\/kreativ.mindach.net\/wp-content\/uploads\/2020\/08\/198AF4AB-F2B2-4199-9A51-BCA4965CD2D9-1164x1536.jpeg 1164w, https:\/\/kreativ.mindach.net\/wp-content\/uploads\/2020\/08\/198AF4AB-F2B2-4199-9A51-BCA4965CD2D9.jpeg 1550w\" sizes=\"auto, (max-width: 776px) 100vw, 776px\" \/><\/figure><div class=\"wp-block-media-text__content\">\n<p class=\"has-medium-font-size\">Stempelset &#8222;Um die Ecke&#8220;              wenig benutzt.<\/p>\n\n\n\n<p class=\"has-medium-font-size\">12,50 \u20ac<\/p>\n<\/div><\/div>\n\n\n<div class=\"wpforms-container wpforms-container-full wpforms-block\" id=\"wpforms-212\"><form id=\"wpforms-form-212\" class=\"wpforms-validate wpforms-form\" data-formid=\"212\" method=\"post\" enctype=\"multipart\/form-data\" action=\"\/index.php\/wp-json\/wp\/v2\/pages\/522\" data-token=\"0afa4d1d1b70f81c293a9ebcc8744bdb\" data-token-time=\"1776635255\"><noscript class=\"wpforms-error-noscript\">Bitte aktiviere JavaScript in deinem Browser, um dieses Formular fertigzustellen.<\/noscript><div class=\"wpforms-field-container\"><div id=\"wpforms-212-field_0-container\" class=\"wpforms-field wpforms-field-name\" data-field-id=\"0\"><label class=\"wpforms-field-label\">Name <span class=\"wpforms-required-label\">*<\/span><\/label><div class=\"wpforms-field-row wpforms-field-medium\"><div class=\"wpforms-field-row-block wpforms-first wpforms-one-half\"><input type=\"text\" id=\"wpforms-212-field_0\" class=\"wpforms-field-name-first wpforms-field-required\" name=\"wpforms[fields][0][first]\" required><label for=\"wpforms-212-field_0\" class=\"wpforms-field-sublabel after\">Vorname<\/label><\/div><div class=\"wpforms-field-row-block wpforms-one-half\"><input type=\"text\" id=\"wpforms-212-field_0-last\" class=\"wpforms-field-name-last wpforms-field-required\" name=\"wpforms[fields][0][last]\" required><label for=\"wpforms-212-field_0-last\" class=\"wpforms-field-sublabel after\">Nachname<\/label><\/div><\/div><\/div><div id=\"wpforms-212-field_1-container\" class=\"wpforms-field wpforms-field-email\" data-field-id=\"1\"><label class=\"wpforms-field-label\" for=\"wpforms-212-field_1\">E-Mail <span class=\"wpforms-required-label\">*<\/span><\/label><input type=\"email\" id=\"wpforms-212-field_1\" class=\"wpforms-field-medium wpforms-field-required\" name=\"wpforms[fields][1]\" spellcheck=\"false\" required><\/div><div id=\"wpforms-212-field_2-container\" class=\"wpforms-field wpforms-field-textarea\" data-field-id=\"2\"><label class=\"wpforms-field-label\" for=\"wpforms-212-field_2\">Kommentar oder Nachricht <span class=\"wpforms-required-label\">*<\/span><\/label><textarea id=\"wpforms-212-field_2\" class=\"wpforms-field-medium wpforms-field-required\" name=\"wpforms[fields][2]\" required><\/textarea><\/div><\/div><!-- .wpforms-field-container --><div class=\"wpforms-field wpforms-field-hp\"><label for=\"wpforms-212-field-hp\" class=\"wpforms-field-label\">Message<\/label><input type=\"text\" name=\"wpforms[hp]\" id=\"wpforms-212-field-hp\" class=\"wpforms-field-medium\"><\/div><div class=\"wpforms-submit-container\" ><input type=\"hidden\" name=\"wpforms[id]\" value=\"212\"><input type=\"hidden\" name=\"page_title\" value=\"\"><input type=\"hidden\" name=\"page_url\" value=\"https:\/\/kreativ.mindach.net\/index.php\/wp-json\/wp\/v2\/pages\/522\"><input type=\"hidden\" name=\"url_referer\" value=\"\"><button type=\"submit\" name=\"wpforms[submit]\" id=\"wpforms-submit-212\" class=\"wpforms-submit\" data-alt-text=\"Senden...\" data-submit-text=\"Absenden\" aria-live=\"assertive\" value=\"wpforms-submit\">Absenden<\/button><\/div><\/form><\/div>  <!-- .wpforms-container -->","protected":false},"excerpt":{"rendered":"<p>Hallo, Ihr Lieben, ich brauche Platz f\u00fcr Neues und biete Euch deshalb einige meiner Stempelsets und Stanzformen von Stampin Up! an. Alle Preise verstehen sich zuz\u00fcglich Versandkosten ( 2,50 \u20ac ) Bei Interesse schreibt mir bitte \u00fcber das unten stehende Formular. Dies ist ein Privatverkauf, daher keine Gew\u00e4hr, keine Garantie und keine R\u00fccknahme. Stempelset &#8222;Um [&hellip;]<\/p>\n","protected":false},"author":1,"featured_media":0,"parent":0,"menu_order":0,"comment_status":"closed","ping_status":"closed","template":"","meta":{"footnotes":""},"class_list":["post-522","page","type-page","status-publish","hentry"],"yoast_head":"<!-- This site is optimized with the Yoast SEO plugin v26.7 - https:\/\/yoast.com\/wordpress\/plugins\/seo\/ -->\n<title>Flohmarkt - Heikes kreative Welt<\/title>\n<meta name=\"robots\" content=\"index, follow, max-snippet:-1, max-image-preview:large, max-video-preview:-1\" \/>\n<link rel=\"canonical\" href=\"https:\/\/kreativ.mindach.net\/index.php\/flohmarkt\/\" \/>\n<meta property=\"og:locale\" content=\"de_DE\" \/>\n<meta property=\"og:type\" content=\"article\" \/>\n<meta property=\"og:title\" content=\"Flohmarkt - Heikes kreative Welt\" \/>\n<meta property=\"og:description\" content=\"Hallo, Ihr Lieben, ich brauche Platz f\u00fcr Neues und biete Euch deshalb einige meiner Stempelsets und Stanzformen von Stampin Up! an. Alle Preise verstehen sich zuz\u00fcglich Versandkosten ( 2,50 \u20ac ) Bei Interesse schreibt mir bitte \u00fcber das unten stehende Formular. Dies ist ein Privatverkauf, daher keine Gew\u00e4hr, keine Garantie und keine R\u00fccknahme. Stempelset &#8222;Um [&hellip;]\" \/>\n<meta property=\"og:url\" content=\"https:\/\/kreativ.mindach.net\/index.php\/flohmarkt\/\" \/>\n<meta property=\"og:site_name\" content=\"Heikes kreative Welt\" \/>\n<meta property=\"article:modified_time\" content=\"2021-03-13T09:17:46+00:00\" \/>\n<meta property=\"og:image\" content=\"https:\/\/kreativ.mindach.net\/wp-content\/uploads\/2020\/08\/198AF4AB-F2B2-4199-9A51-BCA4965CD2D9-776x1024.jpeg\" \/>\n<meta name=\"twitter:card\" content=\"summary_large_image\" \/>\n<script type=\"application\/ld+json\" class=\"yoast-schema-graph\">{\"@context\":\"https:\/\/schema.org\",\"@graph\":[{\"@type\":\"WebPage\",\"@id\":\"https:\/\/kreativ.mindach.net\/index.php\/flohmarkt\/\",\"url\":\"https:\/\/kreativ.mindach.net\/index.php\/flohmarkt\/\",\"name\":\"Flohmarkt - Heikes kreative Welt\",\"isPartOf\":{\"@id\":\"https:\/\/kreativ.mindach.net\/#website\"},\"primaryImageOfPage\":{\"@id\":\"https:\/\/kreativ.mindach.net\/index.php\/flohmarkt\/#primaryimage\"},\"image\":{\"@id\":\"https:\/\/kreativ.mindach.net\/index.php\/flohmarkt\/#primaryimage\"},\"thumbnailUrl\":\"https:\/\/kreativ.mindach.net\/wp-content\/uploads\/2020\/08\/198AF4AB-F2B2-4199-9A51-BCA4965CD2D9-776x1024.jpeg\",\"datePublished\":\"2020-08-04T16:45:41+00:00\",\"dateModified\":\"2021-03-13T09:17:46+00:00\",\"breadcrumb\":{\"@id\":\"https:\/\/kreativ.mindach.net\/index.php\/flohmarkt\/#breadcrumb\"},\"inLanguage\":\"de\",\"potentialAction\":[{\"@type\":\"ReadAction\",\"target\":[\"https:\/\/kreativ.mindach.net\/index.php\/flohmarkt\/\"]}]},{\"@type\":\"ImageObject\",\"inLanguage\":\"de\",\"@id\":\"https:\/\/kreativ.mindach.net\/index.php\/flohmarkt\/#primaryimage\",\"url\":\"https:\/\/kreativ.mindach.net\/wp-content\/uploads\/2020\/08\/198AF4AB-F2B2-4199-9A51-BCA4965CD2D9.jpeg\",\"contentUrl\":\"https:\/\/kreativ.mindach.net\/wp-content\/uploads\/2020\/08\/198AF4AB-F2B2-4199-9A51-BCA4965CD2D9.jpeg\",\"width\":1550,\"height\":2046},{\"@type\":\"BreadcrumbList\",\"@id\":\"https:\/\/kreativ.mindach.net\/index.php\/flohmarkt\/#breadcrumb\",\"itemListElement\":[{\"@type\":\"ListItem\",\"position\":1,\"name\":\"Startseite\",\"item\":\"https:\/\/kreativ.mindach.net\/\"},{\"@type\":\"ListItem\",\"position\":2,\"name\":\"Flohmarkt\"}]},{\"@type\":\"WebSite\",\"@id\":\"https:\/\/kreativ.mindach.net\/#website\",\"url\":\"https:\/\/kreativ.mindach.net\/\",\"name\":\"Heikes kreative Welt\",\"description\":\"\",\"potentialAction\":[{\"@type\":\"SearchAction\",\"target\":{\"@type\":\"EntryPoint\",\"urlTemplate\":\"https:\/\/kreativ.mindach.net\/?s={search_term_string}\"},\"query-input\":{\"@type\":\"PropertyValueSpecification\",\"valueRequired\":true,\"valueName\":\"search_term_string\"}}],\"inLanguage\":\"de\"}]}<\/script>\n<!-- \/ Yoast SEO plugin. -->","yoast_head_json":{"title":"Flohmarkt - Heikes kreative Welt","robots":{"index":"index","follow":"follow","max-snippet":"max-snippet:-1","max-image-preview":"max-image-preview:large","max-video-preview":"max-video-preview:-1"},"canonical":"https:\/\/kreativ.mindach.net\/index.php\/flohmarkt\/","og_locale":"de_DE","og_type":"article","og_title":"Flohmarkt - Heikes kreative Welt","og_description":"Hallo, Ihr Lieben, ich brauche Platz f\u00fcr Neues und biete Euch deshalb einige meiner Stempelsets und Stanzformen von Stampin Up! an. Alle Preise verstehen sich zuz\u00fcglich Versandkosten ( 2,50 \u20ac ) Bei Interesse schreibt mir bitte \u00fcber das unten stehende Formular. Dies ist ein Privatverkauf, daher keine Gew\u00e4hr, keine Garantie und keine R\u00fccknahme. Stempelset &#8222;Um [&hellip;]","og_url":"https:\/\/kreativ.mindach.net\/index.php\/flohmarkt\/","og_site_name":"Heikes kreative Welt","article_modified_time":"2021-03-13T09:17:46+00:00","og_image":[{"url":"https:\/\/kreativ.mindach.net\/wp-content\/uploads\/2020\/08\/198AF4AB-F2B2-4199-9A51-BCA4965CD2D9-776x1024.jpeg","type":"","width":"","height":""}],"twitter_card":"summary_large_image","schema":{"@context":"https:\/\/schema.org","@graph":[{"@type":"WebPage","@id":"https:\/\/kreativ.mindach.net\/index.php\/flohmarkt\/","url":"https:\/\/kreativ.mindach.net\/index.php\/flohmarkt\/","name":"Flohmarkt - Heikes kreative Welt","isPartOf":{"@id":"https:\/\/kreativ.mindach.net\/#website"},"primaryImageOfPage":{"@id":"https:\/\/kreativ.mindach.net\/index.php\/flohmarkt\/#primaryimage"},"image":{"@id":"https:\/\/kreativ.mindach.net\/index.php\/flohmarkt\/#primaryimage"},"thumbnailUrl":"https:\/\/kreativ.mindach.net\/wp-content\/uploads\/2020\/08\/198AF4AB-F2B2-4199-9A51-BCA4965CD2D9-776x1024.jpeg","datePublished":"2020-08-04T16:45:41+00:00","dateModified":"2021-03-13T09:17:46+00:00","breadcrumb":{"@id":"https:\/\/kreativ.mindach.net\/index.php\/flohmarkt\/#breadcrumb"},"inLanguage":"de","potentialAction":[{"@type":"ReadAction","target":["https:\/\/kreativ.mindach.net\/index.php\/flohmarkt\/"]}]},{"@type":"ImageObject","inLanguage":"de","@id":"https:\/\/kreativ.mindach.net\/index.php\/flohmarkt\/#primaryimage","url":"https:\/\/kreativ.mindach.net\/wp-content\/uploads\/2020\/08\/198AF4AB-F2B2-4199-9A51-BCA4965CD2D9.jpeg","contentUrl":"https:\/\/kreativ.mindach.net\/wp-content\/uploads\/2020\/08\/198AF4AB-F2B2-4199-9A51-BCA4965CD2D9.jpeg","width":1550,"height":2046},{"@type":"BreadcrumbList","@id":"https:\/\/kreativ.mindach.net\/index.php\/flohmarkt\/#breadcrumb","itemListElement":[{"@type":"ListItem","position":1,"name":"Startseite","item":"https:\/\/kreativ.mindach.net\/"},{"@type":"ListItem","position":2,"name":"Flohmarkt"}]},{"@type":"WebSite","@id":"https:\/\/kreativ.mindach.net\/#website","url":"https:\/\/kreativ.mindach.net\/","name":"Heikes kreative Welt","description":"","potentialAction":[{"@type":"SearchAction","target":{"@type":"EntryPoint","urlTemplate":"https:\/\/kreativ.mindach.net\/?s={search_term_string}"},"query-input":{"@type":"PropertyValueSpecification","valueRequired":true,"valueName":"search_term_string"}}],"inLanguage":"de"}]}},"jetpack_sharing_enabled":true,"_links":{"self":[{"href":"https:\/\/kreativ.mindach.net\/index.php\/wp-json\/wp\/v2\/pages\/522","targetHints":{"allow":["GET"]}}],"collection":[{"href":"https:\/\/kreativ.mindach.net\/index.php\/wp-json\/wp\/v2\/pages"}],"about":[{"href":"https:\/\/kreativ.mindach.net\/index.php\/wp-json\/wp\/v2\/types\/page"}],"author":[{"embeddable":true,"href":"https:\/\/kreativ.mindach.net\/index.php\/wp-json\/wp\/v2\/users\/1"}],"replies":[{"embeddable":true,"href":"https:\/\/kreativ.mindach.net\/index.php\/wp-json\/wp\/v2\/comments?post=522"}],"version-history":[{"count":6,"href":"https:\/\/kreativ.mindach.net\/index.php\/wp-json\/wp\/v2\/pages\/522\/revisions"}],"predecessor-version":[{"id":745,"href":"https:\/\/kreativ.mindach.net\/index.php\/wp-json\/wp\/v2\/pages\/522\/revisions\/745"}],"wp:attachment":[{"href":"https:\/\/kreativ.mindach.net\/index.php\/wp-json\/wp\/v2\/media?parent=522"}],"curies":[{"name":"wp","href":"https:\/\/api.w.org\/{rel}","templated":true}]}}